{"id":8687,"date":"2019-12-27T17:37:29","date_gmt":"2019-12-27T14:37:29","guid":{"rendered":"https:\/\/ankaspilot.com\/?page_id=8687"},"modified":"2024-08-30T18:11:20","modified_gmt":"2024-08-30T15:11:20","slug":"guidance","status":"publish","type":"page","link":"https:\/\/ankaspilot.com\/en\/guidance\/","title":{"rendered":"Guidance"},"content":{"rendered":"<div class=\"wpb-content-wrapper\"><p>[vc_row][vc_column][vc_custom_heading text=&#8221;Pilotage Services Request and Undertaking&#8221; link=&#8221;url:https%3A%2F%2Fankaspilot.com%2Finc%2Fuploads%2F2022%2F11%2FF.06.01-K%C4%B1lavuzluk-Hizmetleri-Talep-ve-Taahh%C3%BCtnamesi.xlsx|title:Pilotage%20Services%20Request%20and%20Undertaking|&#8221;]<div class=\"services-sc  layout-photos ltx-style-gray row centered\"  id=\"like_sc_services_1209395804\">\t\t\t<div class=\"col-lg-6 col-md-12 col-sm-12 col-ms-12\">\r\n\t\t\t\t<article id=\"post-7729\" class=\"post-7729 services type-services status-publish has-post-thumbnail hentry services-category-istasyonlarimiz\" >\r\n\t\t\t        <a href=\"https:\/\/ankaspilot.com\/en\/services\/izmit\/\" class=\"image\">\r\n\t\t\t        \t<span>\r\n\t\t\t\t        <img loading=\"lazy\" decoding=\"async\" width=\"200\" height=\"200\" src=\"https:\/\/ankaspilot.com\/wp-content\/uploads\/2018\/12\/sagoncehpe-200x200.jpg\" class=\"attachment-lamaro-service-square size-lamaro-service-square\" alt=\"\" srcset=\"https:\/\/ce809f11c.cloudimg.io\/v7\/https:\/\/ankaspilot.com\/wp-content\/uploads\/2018\/12\/sagoncehpe-200x200.jpg?q=90&amp;org_if_sml=1&amp;w=200 200w, https:\/\/ce809f11c.cloudimg.io\/v7\/https:\/\/ankaspilot.com\/wp-content\/uploads\/2018\/12\/sagoncehpe-200x200.jpg?q=90&amp;org_if_sml=1&amp;w=150 150w, https:\/\/ce809f11c.cloudimg.io\/v7\/https:\/\/ankaspilot.com\/wp-content\/uploads\/2018\/12\/sagoncehpe-200x200.jpg?q=90&amp;org_if_sml=1&amp;w=24 24w, https:\/\/ce809f11c.cloudimg.io\/v7\/https:\/\/ankaspilot.com\/wp-content\/uploads\/2018\/12\/sagoncehpe-200x200.jpg?q=90&amp;org_if_sml=1&amp;w=48 48w, https:\/\/ce809f11c.cloudimg.io\/v7\/https:\/\/ankaspilot.com\/wp-content\/uploads\/2018\/12\/sagoncehpe-200x200.jpg?q=90&amp;org_if_sml=1&amp;w=96 96w, https:\/\/ce809f11c.cloudimg.io\/v7\/https:\/\/ankaspilot.com\/wp-content\/uploads\/2018\/12\/sagoncehpe-200x200.jpg?q=90&amp;org_if_sml=1&amp;w=70 70w\" sizes=\"auto, (max-width: 200px) 100vw, 200px\" ci-src=\"https:\/\/ankaspilot.com\/wp-content\/uploads\/2018\/12\/sagoncehpe-200x200.jpg?q=90\" \/>  \t\r\n\t\t\t        \t<\/span>\t\t   \r\n\t\t\t\t    <\/a>\r\n\t\t\t\t    <div class=\"descr\">\r\n\t\t\t\t\t    <a href=\"https:\/\/ankaspilot.com\/en\/services\/izmit\/\">\r\n\t\t\t\t        \t<h4 class=\"header\">\r\n\t\t\t\t        \t\tYar\u0131mca K\u0131lavuzluk \u0130stasyonu\t\t\t\t        \t\r\n\t\t\t\t        \t<\/h4>\r\n\t\t\t\t        <\/a>\r\n\t\t\t\t\t\t<p>Mimar Sinan Mah. Denizciler Cad. No: 69 K\u00f6rfez\/KOCAEL\u0130\r\nTel:(0262) 528 33 00- 528 79 03 \r\nFax:(0262) 528 53 72\r\nVHF \u00c7al\u0131\u015fma Kanal\u0131: CH.12 \u2013 Dinleme kanal\u0131 : CH.16 \r\nVHF Working Chanel: CH.12 \u2013 Listening Channel: CH.16<\/p><a href=\"https:\/\/ankaspilot.com\/en\/services\/izmit\/\" class=\"btn btn-xs\">devam\u0131<\/a>\t\t\t\t        \t\r\n\t\t\t\t    <\/div>\r\n\t\t\t\t<\/article>\r\n\t\t\t<\/div>\r\n\t\t\t\t\t\t<div class=\"col-lg-6 col-md-12 col-sm-12 col-ms-12\">\r\n\t\t\t\t<article id=\"post-7728\" class=\"post-7728 services type-services status-publish has-post-thumbnail hentry services-category-istasyonlarimiz\" >\r\n\t\t\t        <a href=\"https:\/\/ankaspilot.com\/en\/services\/darica\/\" class=\"image\">\r\n\t\t\t        \t<span>\r\n\t\t\t\t        <img loading=\"lazy\" decoding=\"async\" width=\"200\" height=\"200\" src=\"https:\/\/ankaspilot.com\/wp-content\/uploads\/2018\/12\/WhatsApp-Image-2021-04-07-at-17.02.14-200x200.jpeg\" class=\"attachment-lamaro-service-square size-lamaro-service-square\" alt=\"\" srcset=\"https:\/\/ce809f11c.cloudimg.io\/v7\/https:\/\/ankaspilot.com\/wp-content\/uploads\/2018\/12\/WhatsApp-Image-2021-04-07-at-17.02.14-200x200.jpeg?q=90&amp;org_if_sml=1&amp;w=200 200w, https:\/\/ce809f11c.cloudimg.io\/v7\/https:\/\/ankaspilot.com\/wp-content\/uploads\/2018\/12\/WhatsApp-Image-2021-04-07-at-17.02.14-200x200.jpeg?q=90&amp;org_if_sml=1&amp;w=150 150w, https:\/\/ce809f11c.cloudimg.io\/v7\/https:\/\/ankaspilot.com\/wp-content\/uploads\/2018\/12\/WhatsApp-Image-2021-04-07-at-17.02.14-200x200.jpeg?q=90&amp;org_if_sml=1&amp;w=24 24w, https:\/\/ce809f11c.cloudimg.io\/v7\/https:\/\/ankaspilot.com\/wp-content\/uploads\/2018\/12\/WhatsApp-Image-2021-04-07-at-17.02.14-200x200.jpeg?q=90&amp;org_if_sml=1&amp;w=48 48w, https:\/\/ce809f11c.cloudimg.io\/v7\/https:\/\/ankaspilot.com\/wp-content\/uploads\/2018\/12\/WhatsApp-Image-2021-04-07-at-17.02.14-200x200.jpeg?q=90&amp;org_if_sml=1&amp;w=96 96w, https:\/\/ce809f11c.cloudimg.io\/v7\/https:\/\/ankaspilot.com\/wp-content\/uploads\/2018\/12\/WhatsApp-Image-2021-04-07-at-17.02.14-200x200.jpeg?q=90&amp;org_if_sml=1&amp;w=300 300w, https:\/\/ce809f11c.cloudimg.io\/v7\/https:\/\/ankaspilot.com\/wp-content\/uploads\/2018\/12\/WhatsApp-Image-2021-04-07-at-17.02.14-200x200.jpeg?q=90&amp;org_if_sml=1&amp;w=70 70w, https:\/\/ce809f11c.cloudimg.io\/v7\/https:\/\/ankaspilot.com\/wp-content\/uploads\/2018\/12\/WhatsApp-Image-2021-04-07-at-17.02.14-200x200.jpeg?q=90&amp;org_if_sml=1&amp;w=290 290w\" sizes=\"auto, (max-width: 200px) 100vw, 200px\" ci-src=\"https:\/\/ankaspilot.com\/wp-content\/uploads\/2018\/12\/WhatsApp-Image-2021-04-07-at-17.02.14-200x200.jpeg?q=90\" \/>  \t\r\n\t\t\t        \t<\/span>\t\t   \r\n\t\t\t\t    <\/a>\r\n\t\t\t\t    <div class=\"descr\">\r\n\t\t\t\t\t    <a href=\"https:\/\/ankaspilot.com\/en\/services\/darica\/\">\r\n\t\t\t\t        \t<h4 class=\"header\">\r\n\t\t\t\t        \t\tDar\u0131ca K\u0131lavuzluk \u0130stasyonu\t\t\t\t        \t\r\n\t\t\t\t        \t<\/h4>\r\n\t\t\t\t        <\/a>\r\n\t\t\t\t\t\t<p>Yal\u0131 Mah. \u0130stasyon Cad No 12 \r\nDar\u0131ca\/KOCAEL\u0130\r\nTel: 0262 745 38 10 - 745 38 16\r\nFax: 0262 745 38 13\r\nVHF \u00c7al\u0131\u015fma Kanal\u0131: CH.12 \u2013 Dinleme kanal\u0131 : CH.16 \r\nVHF Working Chanel: CH.12 \u2013 Listening Channel: CH.16<\/p><a href=\"https:\/\/ankaspilot.com\/en\/services\/darica\/\" class=\"btn btn-xs\">devam\u0131<\/a>\t\t\t\t        \t\r\n\t\t\t\t    <\/div>\r\n\t\t\t\t<\/article>\r\n\t\t\t<\/div>\r\n\t\t\t\t\t\t<div class=\"col-lg-6 col-md-12 col-sm-12 col-ms-12\">\r\n\t\t\t\t<article id=\"post-7724\" class=\"post-7724 services type-services status-publish has-post-thumbnail hentry services-category-istasyonlarimiz\" >\r\n\t\t\t        <a href=\"https:\/\/ankaspilot.com\/en\/services\/iskenderun\/\" class=\"image\">\r\n\t\t\t        \t<span>\r\n\t\t\t\t        <img loading=\"lazy\" decoding=\"async\" width=\"200\" height=\"200\" src=\"https:\/\/ankaspilot.com\/wp-content\/uploads\/2018\/12\/iskenderun-1-200x200.jpg\" class=\"attachment-lamaro-service-square size-lamaro-service-square\" alt=\"\" srcset=\"https:\/\/ce809f11c.cloudimg.io\/v7\/https:\/\/ankaspilot.com\/wp-content\/uploads\/2018\/12\/iskenderun-1-200x200.jpg?q=90&amp;org_if_sml=1&amp;w=200 200w, https:\/\/ce809f11c.cloudimg.io\/v7\/https:\/\/ankaspilot.com\/wp-content\/uploads\/2018\/12\/iskenderun-1-200x200.jpg?q=90&amp;org_if_sml=1&amp;w=150 150w, https:\/\/ce809f11c.cloudimg.io\/v7\/https:\/\/ankaspilot.com\/wp-content\/uploads\/2018\/12\/iskenderun-1-200x200.jpg?q=90&amp;org_if_sml=1&amp;w=24 24w, https:\/\/ce809f11c.cloudimg.io\/v7\/https:\/\/ankaspilot.com\/wp-content\/uploads\/2018\/12\/iskenderun-1-200x200.jpg?q=90&amp;org_if_sml=1&amp;w=48 48w, https:\/\/ce809f11c.cloudimg.io\/v7\/https:\/\/ankaspilot.com\/wp-content\/uploads\/2018\/12\/iskenderun-1-200x200.jpg?q=90&amp;org_if_sml=1&amp;w=96 96w, https:\/\/ce809f11c.cloudimg.io\/v7\/https:\/\/ankaspilot.com\/wp-content\/uploads\/2018\/12\/iskenderun-1-200x200.jpg?q=90&amp;org_if_sml=1&amp;w=300 300w, https:\/\/ce809f11c.cloudimg.io\/v7\/https:\/\/ankaspilot.com\/wp-content\/uploads\/2018\/12\/iskenderun-1-200x200.jpg?q=90&amp;org_if_sml=1&amp;w=70 70w, https:\/\/ce809f11c.cloudimg.io\/v7\/https:\/\/ankaspilot.com\/wp-content\/uploads\/2018\/12\/iskenderun-1-200x200.jpg?q=90&amp;org_if_sml=1&amp;w=290 290w\" sizes=\"auto, (max-width: 200px) 100vw, 200px\" ci-src=\"https:\/\/ankaspilot.com\/wp-content\/uploads\/2018\/12\/iskenderun-1-200x200.jpg?q=90\" \/>  \t\r\n\t\t\t        \t<\/span>\t\t   \r\n\t\t\t\t    <\/a>\r\n\t\t\t\t    <div class=\"descr\">\r\n\t\t\t\t\t    <a href=\"https:\/\/ankaspilot.com\/en\/services\/iskenderun\/\">\r\n\t\t\t\t        \t<h4 class=\"header\">\r\n\t\t\t\t        \t\t\u0130skenderun K\u0131lavuzluk \u0130stasyonu\t\t\t\t        \t\r\n\t\t\t\t        \t<\/h4>\r\n\t\t\t\t        <\/a>\r\n\t\t\t\t\t\t<p>Denizciler Mah. E5 Karayolu \u00dczeri 106.Sok. D\u0131\u015f kap\u0131 No: 18 \u0130skenderun \/ HATAY\r\nTel:(0326) 645 71 70 \r\nFax:(0326) 645 44 32\r\nVHF \u00c7al\u0131\u015fma Kanal\u0131: CH.12 \u2013 Dinleme kanal\u0131 : CH.16 \r\nVHF Working Chanel: CH.12 \u2013 Listening Channel: CH.16<\/p><a href=\"https:\/\/ankaspilot.com\/en\/services\/iskenderun\/\" class=\"btn btn-xs\">devam\u0131<\/a>\t\t\t\t        \t\r\n\t\t\t\t    <\/div>\r\n\t\t\t\t<\/article>\r\n\t\t\t<\/div>\r\n\t\t\t<\/div>[\/vc_column][\/vc_row][vc_row][vc_column][\/vc_column][\/vc_row]<\/p>\n<\/div>","protected":false},"excerpt":{"rendered":"<p>[vc_row][vc_column][vc_custom_heading text=&#8221;Pilotage Services Request and Undertaking&#8221; link=&#8221;url:https%3A%2F%2Fankaspilot.com%2Finc%2Fuploads%2F2022%2F11%2FF.06.01-K%C4%B1lavuzluk-Hizmetleri-Talep-ve-Taahh%C3%BCtnamesi.xlsx|title:Pilotage%20Services%20Request%20and%20Undertaking|&#8221;][\/vc_column][\/vc_row][vc_row][vc_column][\/vc_column][\/vc_row]<\/p>\n","protected":false},"author":1,"featured_media":0,"parent":0,"menu_order":0,"comment_status":"closed","ping_status":"closed","template":"","meta":{"footnotes":""},"class_list":["post-8687","page","type-page","status-publish","hentry","has-post-thumbnail"],"_links":{"self":[{"href":"https:\/\/ankaspilot.com\/en\/wp-json\/wp\/v2\/pages\/8687","targetHints":{"allow":["GET"]}}],"collection":[{"href":"https:\/\/ankaspilot.com\/en\/wp-json\/wp\/v2\/pages"}],"about":[{"href":"https:\/\/ankaspilot.com\/en\/wp-json\/wp\/v2\/types\/page"}],"author":[{"embeddable":true,"href":"https:\/\/ankaspilot.com\/en\/wp-json\/wp\/v2\/users\/1"}],"replies":[{"embeddable":true,"href":"https:\/\/ankaspilot.com\/en\/wp-json\/wp\/v2\/comments?post=8687"}],"version-history":[{"count":1,"href":"https:\/\/ankaspilot.com\/en\/wp-json\/wp\/v2\/pages\/8687\/revisions"}],"predecessor-version":[{"id":8688,"href":"https:\/\/ankaspilot.com\/en\/wp-json\/wp\/v2\/pages\/8687\/revisions\/8688"}],"wp:attachment":[{"href":"https:\/\/ankaspilot.com\/en\/wp-json\/wp\/v2\/media?parent=8687"}],"curies":[{"name":"wp","href":"https:\/\/api.w.org\/{rel}","templated":true}]}}