{"id":8675,"date":"2018-12-26T04:34:53","date_gmt":"2018-12-26T01:34:53","guid":{"rendered":"https:\/\/ankaspilot.com\/?page_id=8675"},"modified":"2025-12-14T19:51:18","modified_gmt":"2025-12-14T16:51:18","slug":"our-services","status":"publish","type":"page","link":"https:\/\/ankaspilot.com\/en\/our-services\/","title":{"rendered":"Our Services"},"content":{"rendered":"<div class=\"wpb-content-wrapper\"><p>[vc_row full_width=&#8221;stretch_row_content_no_spaces&#8221; bg_color_select=&#8221;black&#8221; text_align=&#8221;center-sm-ms&#8221;][vc_column][vc_row_inner][vc_column_inner][\/vc_column_inner][\/vc_row_inner]\r\n<div class=\"ltx-ripples-bg\" style=\"background-image: url(https:\/\/ankaspilot.com\/wp-content\/uploads\/2018\/12\/sea_BG.jpg);\">\r\n\t<div class=\"ltx-ripples-bg-2\" style=\"background-image: url(https:\/\/ankaspilot.com\/wp-content\/uploads\/2018\/12\/sea_BG.jpg);\"><\/div>\r\n\t<div class=\"ltx-ripples-content\"><div class=\"container\">[vc_row_inner][vc_column_inner]<div class=\"es-resp\">\t<div class=\"visible-xl\" style=\"height: 64px;\"><\/div>\t<div class=\"hidden-xl hidden-md hidden-sm hidden-ms hidden-xs\" style=\"height: 64px;\"><\/div>\t<div class=\"visible-md\" style=\"height: 64px;\"><\/div>\t<div class=\"visible-sm \" style=\"height: 64px;\"><\/div>\t<div class=\"visible-ms\" style=\"height: 32px;\"><\/div>\t<div class=\"visible-xs\" style=\"height: 32px;\"><\/div><\/div><div class=\"es-resp\">\t<div class=\"visible-xl\" style=\"height: 64px;\"><\/div>\t<div class=\"hidden-xl hidden-md hidden-sm hidden-ms hidden-xs\" style=\"height: 64px;\"><\/div>\t<div class=\"visible-md\" style=\"height: 64px;\"><\/div>\t<div class=\"visible-sm \" style=\"height: 64px;\"><\/div>\t<div class=\"visible-ms\" style=\"height: 32px;\"><\/div>\t<div class=\"visible-xs\" style=\"height: 32px;\"><\/div><\/div>[\/vc_column_inner][\/vc_row_inner][vc_row_inner][vc_column_inner]<div class=\"es-resp\">\t<div class=\"visible-xl\" style=\"height: 64px;\"><\/div>\t<div class=\"hidden-xl hidden-md hidden-sm hidden-ms hidden-xs\" style=\"height: 64px;\"><\/div>\t<div class=\"visible-md\" style=\"height: 64px;\"><\/div>\t<div class=\"visible-sm \" style=\"height: 64px;\"><\/div>\t<div class=\"visible-ms\" style=\"height: 32px;\"><\/div>\t<div class=\"visible-xs\" style=\"height: 32px;\"><\/div><\/div>[\/vc_column_inner][\/vc_row_inner][vc_row_inner][vc_column_inner offset=&#8221;vc_col-lg-6 vc_col-md-9&#8243;][\/vc_column_inner][vc_column_inner offset=&#8221;vc_col-lg-6 vc_col-md-3&#8243;][vc_single_image image=&#8221;7762&#8243; img_size=&#8221;full&#8221; alignment=&#8221;center&#8221;]<div class=\"es-resp\">\t<div class=\"visible-xl\" style=\"height: 64px;\"><\/div>\t<div class=\"hidden-xl hidden-md hidden-sm hidden-ms hidden-xs\" style=\"height: 64px;\"><\/div>\t<div class=\"visible-md\" style=\"height: 64px;\"><\/div>\t<div class=\"visible-sm \" style=\"height: 64px;\"><\/div>\t<div class=\"visible-ms\" style=\"height: 32px;\"><\/div>\t<div class=\"visible-xs\" style=\"height: 32px;\"><\/div><\/div>[\/vc_column_inner][vc_column_inner][\/vc_column_inner][\/vc_row_inner]<\/div><\/div>\r\n\r\n\t<svg xlmns=\"http:\/\/www.w3.org\/2000\/svg\" version=\"1.1\">\r\n\t  <filter id=\"turbulence\" filterUnits=\"objectBoundingBox\" x=\"0\" y=\"0\" width=\"100%\" height=\"100%\">\r\n\t    <feTurbulence id=\"feturbulence\" type=\"fractalNoise\" numOctaves=\"3\" seed=\"2\"><\/feTurbulence>\r\n\t    <feDisplacementMap xChannelSelector=\"G\" yChannelSelector=\"B\" scale=\"20\" in=\"SourceGraphic\"><\/feDisplacementMap>\r\n\t  <\/filter>\r\n\t<\/svg>\r\n\t<svg xlmns=\"http:\/\/www.w3.org\/2000\/svg\" version=\"1.1\">\r\n\t  <filter id=\"turbulence2\" filterUnits=\"objectBoundingBox\" x=\"0\" y=\"0\" width=\"100%\" height=\"100%\">\r\n\t    <feTurbulence id=\"feturbulence2\" type=\"fractalNoise\" numOctaves=\"30\" seed=\"202\"><\/feTurbulence>\r\n\t    <feDisplacementMap xChannelSelector=\"G\" yChannelSelector=\"B\" scale=\"40\" in=\"SourceGraphic\"><\/feDisplacementMap>\r\n\t  <\/filter>\r\n\t<\/svg>\t\r\n<\/div>\r\n[\/vc_column][vc_column][\/vc_column][\/vc_row][vc_row][vc_column][vc_row_inner][vc_column_inner]<div class=\"es-resp\">\t<div class=\"visible-xl\" style=\"height: 34px;\"><\/div>\t<div class=\"hidden-xl hidden-md hidden-sm hidden-ms hidden-xs\" style=\"height: 34px;\"><\/div>\t<div class=\"visible-md\" style=\"height: 34px;\"><\/div>\t<div class=\"visible-sm \" style=\"height: 34px;\"><\/div>\t<div class=\"visible-ms\" style=\"height: 32px;\"><\/div>\t<div class=\"visible-xs\" style=\"height: 32px;\"><\/div><\/div>[vc_text_separator title=&#8221;Pilotage Services Request and Undertaking&#8221;][vc_message color=&#8221;info&#8221;]<\/p>\n<p style=\"text-align: left;\">Our Pilotage Services Request and Undertaking Form has been revised to include the additional information required under the Pilotage Tariff that entered into force on 01.09.2022, and has been made available for the use of our esteemed Agencies.<br \/>While completing the Request Form, our esteemed Agencies are kindly requested to<br \/>enter all required information fully and accurately,<br \/>as this will ensure that both the service to be provided and the related accruals are carried out correctly.<br \/>Based on the declarations stated in the Request Form, invoices are issued accordingly, recorded in the LYBS system, and a 30% public share is paid to the state. Responsibility for any incomplete, incorrect, or erroneous declarations rests with the Agencies.<br \/>Our esteemed Agencies are kindly requested to take this matter into due consideration. We thank you in advance for your sensitivity.[\/vc_message][\/vc_column_inner][\/vc_row_inner][vc_btn title=&#8221;Pilotage Services Request and Commitment Form Download&#8221; color=&#8221;danger&#8221; css_animation=&#8221;fadeInRightBig&#8221; css=&#8221;&#8221; link=&#8221;url:https%3A%2F%2Fankaspilot.com%2Fwp-content%2Fuploads%2F2019%2F12%2FF.06.01-Kilavuzluk-Hizmetleri-Talep-ve-Taahhutnamesi_revize.xlsx|title:Pilotage%20Services%20Request%20and%20Undertaking|&#8221;][vc_hoverbox image=&#8221;8469&#8243; primary_title=&#8221;&#8221; hover_title=&#8221;&#8221;]<img loading=\"lazy\" decoding=\"async\" class=\"alignnone size-full wp-image-7810\" src=\"https:\/\/ankaspilot.com\/inc\/uploads\/2018\/02\/ankas_logo_1.png\" alt=\"\" width=\"191\" height=\"220\" srcset=\"https:\/\/ce809f11c.cloudimg.io\/v7\/https:\/\/ankaspilot.com\/inc\/uploads\/2018\/02\/ankas_logo_1.png?q=90&amp;org_if_sml=1&amp;w=191 191w, https:\/\/ce809f11c.cloudimg.io\/v7\/https:\/\/ankaspilot.com\/inc\/uploads\/2018\/02\/ankas_logo_1.png?q=90&amp;org_if_sml=1&amp;w=109 109w\" sizes=\"auto, (max-width: 191px) 100vw, 191px\" \/>[\/vc_hoverbox][\/vc_column][vc_column][\/vc_column][\/vc_row][vc_row][vc_column][vc_separator][\/vc_column][\/vc_row][vc_row][vc_column]<div class=\"services-sc  layout-photos ltx-style-gray row centered\"  id=\"like_sc_services_2110238748\">\t\t\t<div class=\"col-lg-6 col-md-12 col-sm-12 col-ms-12\">\r\n\t\t\t\t<article id=\"post-7729\" class=\"post-7729 services type-services status-publish has-post-thumbnail hentry services-category-istasyonlarimiz\" >\r\n\t\t\t        <a href=\"https:\/\/ankaspilot.com\/en\/services\/izmit\/\" class=\"image\">\r\n\t\t\t        \t<span>\r\n\t\t\t\t        <img loading=\"lazy\" decoding=\"async\" width=\"200\" height=\"200\" src=\"https:\/\/ankaspilot.com\/wp-content\/uploads\/2018\/12\/sagoncehpe-200x200.jpg\" class=\"attachment-lamaro-service-square size-lamaro-service-square\" alt=\"\" srcset=\"https:\/\/ce809f11c.cloudimg.io\/v7\/https:\/\/ankaspilot.com\/wp-content\/uploads\/2018\/12\/sagoncehpe-200x200.jpg?q=90&amp;org_if_sml=1&amp;w=200 200w, https:\/\/ce809f11c.cloudimg.io\/v7\/https:\/\/ankaspilot.com\/wp-content\/uploads\/2018\/12\/sagoncehpe-200x200.jpg?q=90&amp;org_if_sml=1&amp;w=150 150w, https:\/\/ce809f11c.cloudimg.io\/v7\/https:\/\/ankaspilot.com\/wp-content\/uploads\/2018\/12\/sagoncehpe-200x200.jpg?q=90&amp;org_if_sml=1&amp;w=24 24w, https:\/\/ce809f11c.cloudimg.io\/v7\/https:\/\/ankaspilot.com\/wp-content\/uploads\/2018\/12\/sagoncehpe-200x200.jpg?q=90&amp;org_if_sml=1&amp;w=48 48w, https:\/\/ce809f11c.cloudimg.io\/v7\/https:\/\/ankaspilot.com\/wp-content\/uploads\/2018\/12\/sagoncehpe-200x200.jpg?q=90&amp;org_if_sml=1&amp;w=96 96w, https:\/\/ce809f11c.cloudimg.io\/v7\/https:\/\/ankaspilot.com\/wp-content\/uploads\/2018\/12\/sagoncehpe-200x200.jpg?q=90&amp;org_if_sml=1&amp;w=70 70w\" sizes=\"auto, (max-width: 200px) 100vw, 200px\" ci-src=\"https:\/\/ankaspilot.com\/wp-content\/uploads\/2018\/12\/sagoncehpe-200x200.jpg?q=90\" \/>  \t\r\n\t\t\t        \t<\/span>\t\t   \r\n\t\t\t\t    <\/a>\r\n\t\t\t\t    <div class=\"descr\">\r\n\t\t\t\t\t    <a href=\"https:\/\/ankaspilot.com\/en\/services\/izmit\/\">\r\n\t\t\t\t        \t<h4 class=\"header\">\r\n\t\t\t\t        \t\tYar\u0131mca K\u0131lavuzluk \u0130stasyonu\t\t\t\t        \t\r\n\t\t\t\t        \t<\/h4>\r\n\t\t\t\t        <\/a>\r\n\t\t\t\t\t\t<p>Mimar Sinan Mah. Denizciler Cad. No: 69 K\u00f6rfez\/KOCAEL\u0130\r\nTel:(0262) 528 33 00- 528 79 03 \r\nFax:(0262) 528 53 72\r\nVHF \u00c7al\u0131\u015fma Kanal\u0131: CH.12 \u2013 Dinleme kanal\u0131 : CH.16 \r\nVHF Working Chanel: CH.12 \u2013 Listening Channel: CH.16<\/p><a href=\"https:\/\/ankaspilot.com\/en\/services\/izmit\/\" class=\"btn btn-xs\">devam\u0131<\/a>\t\t\t\t        \t\r\n\t\t\t\t    <\/div>\r\n\t\t\t\t<\/article>\r\n\t\t\t<\/div>\r\n\t\t\t\t\t\t<div class=\"col-lg-6 col-md-12 col-sm-12 col-ms-12\">\r\n\t\t\t\t<article id=\"post-7728\" class=\"post-7728 services type-services status-publish has-post-thumbnail hentry services-category-istasyonlarimiz\" >\r\n\t\t\t        <a href=\"https:\/\/ankaspilot.com\/en\/services\/darica\/\" class=\"image\">\r\n\t\t\t        \t<span>\r\n\t\t\t\t        <img loading=\"lazy\" decoding=\"async\" width=\"200\" height=\"200\" src=\"https:\/\/ankaspilot.com\/wp-content\/uploads\/2018\/12\/WhatsApp-Image-2021-04-07-at-17.02.14-200x200.jpeg\" class=\"attachment-lamaro-service-square size-lamaro-service-square\" alt=\"\" srcset=\"https:\/\/ce809f11c.cloudimg.io\/v7\/https:\/\/ankaspilot.com\/wp-content\/uploads\/2018\/12\/WhatsApp-Image-2021-04-07-at-17.02.14-200x200.jpeg?q=90&amp;org_if_sml=1&amp;w=200 200w, https:\/\/ce809f11c.cloudimg.io\/v7\/https:\/\/ankaspilot.com\/wp-content\/uploads\/2018\/12\/WhatsApp-Image-2021-04-07-at-17.02.14-200x200.jpeg?q=90&amp;org_if_sml=1&amp;w=150 150w, https:\/\/ce809f11c.cloudimg.io\/v7\/https:\/\/ankaspilot.com\/wp-content\/uploads\/2018\/12\/WhatsApp-Image-2021-04-07-at-17.02.14-200x200.jpeg?q=90&amp;org_if_sml=1&amp;w=24 24w, https:\/\/ce809f11c.cloudimg.io\/v7\/https:\/\/ankaspilot.com\/wp-content\/uploads\/2018\/12\/WhatsApp-Image-2021-04-07-at-17.02.14-200x200.jpeg?q=90&amp;org_if_sml=1&amp;w=48 48w, https:\/\/ce809f11c.cloudimg.io\/v7\/https:\/\/ankaspilot.com\/wp-content\/uploads\/2018\/12\/WhatsApp-Image-2021-04-07-at-17.02.14-200x200.jpeg?q=90&amp;org_if_sml=1&amp;w=96 96w, https:\/\/ce809f11c.cloudimg.io\/v7\/https:\/\/ankaspilot.com\/wp-content\/uploads\/2018\/12\/WhatsApp-Image-2021-04-07-at-17.02.14-200x200.jpeg?q=90&amp;org_if_sml=1&amp;w=300 300w, https:\/\/ce809f11c.cloudimg.io\/v7\/https:\/\/ankaspilot.com\/wp-content\/uploads\/2018\/12\/WhatsApp-Image-2021-04-07-at-17.02.14-200x200.jpeg?q=90&amp;org_if_sml=1&amp;w=70 70w, https:\/\/ce809f11c.cloudimg.io\/v7\/https:\/\/ankaspilot.com\/wp-content\/uploads\/2018\/12\/WhatsApp-Image-2021-04-07-at-17.02.14-200x200.jpeg?q=90&amp;org_if_sml=1&amp;w=290 290w\" sizes=\"auto, (max-width: 200px) 100vw, 200px\" ci-src=\"https:\/\/ankaspilot.com\/wp-content\/uploads\/2018\/12\/WhatsApp-Image-2021-04-07-at-17.02.14-200x200.jpeg?q=90\" \/>  \t\r\n\t\t\t        \t<\/span>\t\t   \r\n\t\t\t\t    <\/a>\r\n\t\t\t\t    <div class=\"descr\">\r\n\t\t\t\t\t    <a href=\"https:\/\/ankaspilot.com\/en\/services\/darica\/\">\r\n\t\t\t\t        \t<h4 class=\"header\">\r\n\t\t\t\t        \t\tDar\u0131ca K\u0131lavuzluk \u0130stasyonu\t\t\t\t        \t\r\n\t\t\t\t        \t<\/h4>\r\n\t\t\t\t        <\/a>\r\n\t\t\t\t\t\t<p>Yal\u0131 Mah. \u0130stasyon Cad No 12 \r\nDar\u0131ca\/KOCAEL\u0130\r\nTel: 0262 745 38 10 - 745 38 16\r\nFax: 0262 745 38 13\r\nVHF \u00c7al\u0131\u015fma Kanal\u0131: CH.12 \u2013 Dinleme kanal\u0131 : CH.16 \r\nVHF Working Chanel: CH.12 \u2013 Listening Channel: CH.16<\/p><a href=\"https:\/\/ankaspilot.com\/en\/services\/darica\/\" class=\"btn btn-xs\">devam\u0131<\/a>\t\t\t\t        \t\r\n\t\t\t\t    <\/div>\r\n\t\t\t\t<\/article>\r\n\t\t\t<\/div>\r\n\t\t\t\t\t\t<div class=\"col-lg-6 col-md-12 col-sm-12 col-ms-12\">\r\n\t\t\t\t<article id=\"post-7724\" class=\"post-7724 services type-services status-publish has-post-thumbnail hentry services-category-istasyonlarimiz\" >\r\n\t\t\t        <a href=\"https:\/\/ankaspilot.com\/en\/services\/iskenderun\/\" class=\"image\">\r\n\t\t\t        \t<span>\r\n\t\t\t\t        <img loading=\"lazy\" decoding=\"async\" width=\"200\" height=\"200\" src=\"https:\/\/ankaspilot.com\/wp-content\/uploads\/2018\/12\/iskenderun-1-200x200.jpg\" class=\"attachment-lamaro-service-square size-lamaro-service-square\" alt=\"\" srcset=\"https:\/\/ce809f11c.cloudimg.io\/v7\/https:\/\/ankaspilot.com\/wp-content\/uploads\/2018\/12\/iskenderun-1-200x200.jpg?q=90&amp;org_if_sml=1&amp;w=200 200w, https:\/\/ce809f11c.cloudimg.io\/v7\/https:\/\/ankaspilot.com\/wp-content\/uploads\/2018\/12\/iskenderun-1-200x200.jpg?q=90&amp;org_if_sml=1&amp;w=150 150w, https:\/\/ce809f11c.cloudimg.io\/v7\/https:\/\/ankaspilot.com\/wp-content\/uploads\/2018\/12\/iskenderun-1-200x200.jpg?q=90&amp;org_if_sml=1&amp;w=24 24w, https:\/\/ce809f11c.cloudimg.io\/v7\/https:\/\/ankaspilot.com\/wp-content\/uploads\/2018\/12\/iskenderun-1-200x200.jpg?q=90&amp;org_if_sml=1&amp;w=48 48w, https:\/\/ce809f11c.cloudimg.io\/v7\/https:\/\/ankaspilot.com\/wp-content\/uploads\/2018\/12\/iskenderun-1-200x200.jpg?q=90&amp;org_if_sml=1&amp;w=96 96w, https:\/\/ce809f11c.cloudimg.io\/v7\/https:\/\/ankaspilot.com\/wp-content\/uploads\/2018\/12\/iskenderun-1-200x200.jpg?q=90&amp;org_if_sml=1&amp;w=300 300w, https:\/\/ce809f11c.cloudimg.io\/v7\/https:\/\/ankaspilot.com\/wp-content\/uploads\/2018\/12\/iskenderun-1-200x200.jpg?q=90&amp;org_if_sml=1&amp;w=70 70w, https:\/\/ce809f11c.cloudimg.io\/v7\/https:\/\/ankaspilot.com\/wp-content\/uploads\/2018\/12\/iskenderun-1-200x200.jpg?q=90&amp;org_if_sml=1&amp;w=290 290w\" sizes=\"auto, (max-width: 200px) 100vw, 200px\" ci-src=\"https:\/\/ankaspilot.com\/wp-content\/uploads\/2018\/12\/iskenderun-1-200x200.jpg?q=90\" \/>  \t\r\n\t\t\t        \t<\/span>\t\t   \r\n\t\t\t\t    <\/a>\r\n\t\t\t\t    <div class=\"descr\">\r\n\t\t\t\t\t    <a href=\"https:\/\/ankaspilot.com\/en\/services\/iskenderun\/\">\r\n\t\t\t\t        \t<h4 class=\"header\">\r\n\t\t\t\t        \t\t\u0130skenderun K\u0131lavuzluk \u0130stasyonu\t\t\t\t        \t\r\n\t\t\t\t        \t<\/h4>\r\n\t\t\t\t        <\/a>\r\n\t\t\t\t\t\t<p>Denizciler Mah. E5 Karayolu \u00dczeri 106.Sok. D\u0131\u015f kap\u0131 No: 18 \u0130skenderun \/ HATAY\r\nTel:(0326) 645 71 70 \r\nFax:(0326) 645 44 32\r\nVHF \u00c7al\u0131\u015fma Kanal\u0131: CH.12 \u2013 Dinleme kanal\u0131 : CH.16 \r\nVHF Working Chanel: CH.12 \u2013 Listening Channel: CH.16<\/p><a href=\"https:\/\/ankaspilot.com\/en\/services\/iskenderun\/\" class=\"btn btn-xs\">devam\u0131<\/a>\t\t\t\t        \t\r\n\t\t\t\t    <\/div>\r\n\t\t\t\t<\/article>\r\n\t\t\t<\/div>\r\n\t\t\t<\/div>[\/vc_column][\/vc_row][vc_row][vc_column]<div class=\"es-resp\">\t<div class=\"visible-xl\" style=\"height: 25px;\"><\/div>\t<div class=\"hidden-xl hidden-md hidden-sm hidden-ms hidden-xs\" style=\"height: 25px;\"><\/div>\t<div class=\"visible-md\" style=\"height: 25px;\"><\/div>\t<div class=\"visible-sm \" style=\"height: 25px;\"><\/div>\t<div class=\"visible-ms\" style=\"height: 32px;\"><\/div>\t<div class=\"visible-xs\" style=\"height: 32px;\"><\/div><\/div>[\/vc_column][\/vc_row][vc_row][vc_column]<div class=\"es-resp\">\t<div class=\"visible-xl\" style=\"height: 64px;\"><\/div>\t<div class=\"hidden-xl hidden-md hidden-sm hidden-ms hidden-xs\" style=\"height: 64px;\"><\/div>\t<div class=\"visible-md\" style=\"height: 64px;\"><\/div>\t<div class=\"visible-sm \" style=\"height: 64px;\"><\/div>\t<div class=\"visible-ms\" style=\"height: 32px;\"><\/div>\t<div class=\"visible-xs\" style=\"height: 32px;\"><\/div><\/div>[\/vc_column][\/vc_row]<\/p>\n<\/div>","protected":false},"excerpt":{"rendered":"<p>[vc_row full_width=&#8221;stretch_row_content_no_spaces&#8221; bg_color_select=&#8221;black&#8221; text_align=&#8221;center-sm-ms&#8221;][vc_column][vc_row_inner][vc_column_inner][\/vc_column_inner][\/vc_row_inner][\/vc_column][vc_column][\/vc_column][\/vc_row][vc_row][vc_column][vc_row_inner][vc_column_inner][vc_text_separator title=&#8221;Pilotage Services Request and Undertaking&#8221;][vc_message color=&#8221;info&#8221;] Our Pilotage Services Request and Undertaking Form has been revised to include the additional information required under the Pilotage Tariff that entered into force on 01.09.2022, and has been made available for the use of our esteemed Agencies.While completing the Request Form, our esteemed Agencies are kindly requested toenter all required information fully and accurately,as this will ensure that both the service to be provided and the related accruals are carried out correctly.Based on the declarations stated in the Request Form, invoices are issued accordingly, recorded in the LYBS system, and a 30% public share is paid to the state. Responsibility for any incomplete, incorrect, or erroneous declarations rests with the Agencies.Our esteemed Agencies are kindly requested to take this matter into due consideration. We thank you in advance for your sensitivity.[\/vc_message][\/vc_column_inner][\/vc_row_inner][vc_btn title=&#8221;Pilotage Services Request and Commitment Form Download&#8221; color=&#8221;danger&#8221; [&hellip;]<\/p>\n","protected":false},"author":1,"featured_media":0,"parent":0,"menu_order":0,"comment_status":"closed","ping_status":"closed","template":"page-templates\/full-width.php","meta":{"footnotes":""},"class_list":["post-8675","page","type-page","status-publish","hentry","has-post-thumbnail"],"_links":{"self":[{"href":"https:\/\/ankaspilot.com\/en\/wp-json\/wp\/v2\/pages\/8675","targetHints":{"allow":["GET"]}}],"collection":[{"href":"https:\/\/ankaspilot.com\/en\/wp-json\/wp\/v2\/pages"}],"about":[{"href":"https:\/\/ankaspilot.com\/en\/wp-json\/wp\/v2\/types\/page"}],"author":[{"embeddable":true,"href":"https:\/\/ankaspilot.com\/en\/wp-json\/wp\/v2\/users\/1"}],"replies":[{"embeddable":true,"href":"https:\/\/ankaspilot.com\/en\/wp-json\/wp\/v2\/comments?post=8675"}],"version-history":[{"count":9,"href":"https:\/\/ankaspilot.com\/en\/wp-json\/wp\/v2\/pages\/8675\/revisions"}],"predecessor-version":[{"id":14691,"href":"https:\/\/ankaspilot.com\/en\/wp-json\/wp\/v2\/pages\/8675\/revisions\/14691"}],"wp:attachment":[{"href":"https:\/\/ankaspilot.com\/en\/wp-json\/wp\/v2\/media?parent=8675"}],"curies":[{"name":"wp","href":"https:\/\/api.w.org\/{rel}","templated":true}]}}