{"id":8666,"date":"2017-05-17T20:05:52","date_gmt":"2017-05-17T17:05:52","guid":{"rendered":"https:\/\/ankaspilot.com\/?page_id=8666"},"modified":"2024-08-30T18:11:15","modified_gmt":"2024-08-30T15:11:15","slug":"contact","status":"publish","type":"page","link":"https:\/\/ankaspilot.com\/en\/contact\/","title":{"rendered":"Contact"},"content":{"rendered":"<div class=\"wpb-content-wrapper\"><p>[vc_section][vc_row content_placement=&#8221;top&#8221;][vc_column width=&#8221;1\/4&#8243; offset=&#8221;vc_col-lg-4 vc_col-md-6&#8243; css=&#8221;.vc_custom_1578053367988{margin: 0px !important;padding: 0px !important;background-color: #ffffff !important;border: 0px initial !important;}&#8221;]<div class=\"heading  header-underline align-left color-black subcolor-main transform-default icon-type-default   vc_custom_1578056398386 heading-tag-h6\" id=\"like_sc_header_1068075953\"><h6 class=\"header ltx-sr-id-like_sc_header_10680759531581092270 ltx-sr ltx-sr-effect-fade_in ltx-sr-el-block ltx-sr-delay-0 ltx-sr-duration-1000 ltx-sr-sequences-0\">Merkez Ofis<\/h6><\/div>[vc_column_text css_animation=&#8221;fadeInDown&#8221;]\u0130\u00e7erenk\u00f6y Mah. \u00c7ay\u0131r Cad. No 7 \u00dc\u00e7gen Plaza Kat 8 Ata\u015fehir \/ \u0130STANBUL Tel : 0216 469 73 41 Fax : 0216 469 73 51 Mail : info@ankaspilot.com[\/vc_column_text][\/vc_column][vc_column width=&#8221;1\/2&#8243;]<div class=\"heading  header-underline align-left color-black subcolor-main transform-default icon-type-default   vc_custom_1578053316268 heading-tag-h6\" id=\"like_sc_header_486665643\"><h6 class=\"header ltx-sr-id-like_sc_header_4866656432118084458 ltx-sr ltx-sr-effect-fade_in ltx-sr-el-block ltx-sr-delay-0 ltx-sr-duration-1000 ltx-sr-sequences-0\">Yar\u0131mca K\u0131lavuzluk \u0130stasyonu<\/h6><\/div>[vc_column_text css_animation=&#8221;fadeInLeft&#8221;]Mimar Sinan Mah.<br \/>\nDenizciler Cad.<br \/>\nNo: 69 K\u00f6rfez \/ KOCAEL\u0130 Tel: 0262 528 33 00 Fax: 0262 528 53 72 Mail: yarimcapilot@ankaspilot.com[\/vc_column_text]<div class=\"heading  header-underline align-left color-black subcolor-main transform-default icon-type-default   vc_custom_1578053339306 heading-tag-h6\" id=\"like_sc_header_1161937\"><h6 class=\"header ltx-sr-id-like_sc_header_116193795766314 ltx-sr ltx-sr-effect-fade_in ltx-sr-el-block ltx-sr-delay-0 ltx-sr-duration-1000 ltx-sr-sequences-0\">Dar\u0131ca K\u0131lavuzluk \u0130stasyonu<\/h6><\/div>[vc_column_text css_animation=&#8221;fadeInDown&#8221;]Yal\u0131 Mah.<br \/>\nStation Cad.<br \/>\nNo: 12 Dar\u0131ca\/KOCAEL\u0130 Tel : 0262 745 38 10 Fax : 0262 745 38 13 Mail : daricapilot@ankaspilot.com[\/vc_column_text]<div class=\"heading  header-underline align-left color-black subcolor-main transform-default icon-type-default   vc_custom_1578056375626 heading-tag-h6\" id=\"like_sc_header_2025864254\"><h6 class=\"header ltx-sr-id-like_sc_header_202586425460593639 ltx-sr ltx-sr-effect-fade_in ltx-sr-el-block ltx-sr-delay-0 ltx-sr-duration-1000 ltx-sr-sequences-0\">\u0130skenderun K\u0131lavuzluk \u0130stasyonu<\/h6><\/div>[vc_column_text css_animation=&#8221;fadeInUp&#8221;]Denizciler Mah E5 Highway 106.<br \/>\nSok.<br \/>\nExterior Door No: 18 \u0130skenderun\/HATAY Tel : 0326 645 71 70 Fax : 0326 645 44 32 Mail : iskenderunpilot@ankaspilot.com[\/vc_column_text][\/vc_column][\/vc_row][\/vc_section]<\/p>\n<\/div>","protected":false},"excerpt":{"rendered":"<p>[vc_section][vc_row content_placement=&#8221;top&#8221;][vc_column width=&#8221;1\/4&#8243; offset=&#8221;vc_col-lg-4 vc_col-md-6&#8243; css=&#8221;.vc_custom_1578053367988{margin: 0px !important;padding: 0px !important;background-color: #ffffff !important;border: 0px initial !important;}&#8221;][vc_column_text css_animation=&#8221;fadeInDown&#8221;]\u0130\u00e7erenk\u00f6y Mah. \u00c7ay\u0131r Cad. No 7 \u00dc\u00e7gen Plaza Kat 8 Ata\u015fehir \/ \u0130STANBUL Tel : 0216 469 73 41 Fax : 0216 469 73 51 Mail : info@ankaspilot.com[\/vc_column_text][\/vc_column][vc_column width=&#8221;1\/2&#8243;][vc_column_text css_animation=&#8221;fadeInLeft&#8221;]Mimar Sinan Mah. Denizciler Cad. No: 69 K\u00f6rfez \/ KOCAEL\u0130 Tel: 0262 528 33 00 Fax: 0262 528 53 72 Mail: yarimcapilot@ankaspilot.com[\/vc_column_text][vc_column_text css_animation=&#8221;fadeInDown&#8221;]Yal\u0131 Mah. Station Cad. No: 12 Dar\u0131ca\/KOCAEL\u0130 Tel : 0262 745 38 10 Fax : 0262 745 38 13 Mail : daricapilot@ankaspilot.com[\/vc_column_text][vc_column_text css_animation=&#8221;fadeInUp&#8221;]Denizciler Mah E5 Highway 106. Sok. Exterior Door No: 18 \u0130skenderun\/HATAY Tel : 0326 645 71 70 Fax : 0326 645 44 32 Mail : iskenderunpilot@ankaspilot.com[\/vc_column_text][\/vc_column][\/vc_row][\/vc_section]<\/p>\n","protected":false},"author":1,"featured_media":0,"parent":0,"menu_order":0,"comment_status":"closed","ping_status":"closed","template":"","meta":{"footnotes":""},"class_list":["post-8666","page","type-page","status-publish","hentry"],"_links":{"self":[{"href":"https:\/\/ankaspilot.com\/en\/wp-json\/wp\/v2\/pages\/8666","targetHints":{"allow":["GET"]}}],"collection":[{"href":"https:\/\/ankaspilot.com\/en\/wp-json\/wp\/v2\/pages"}],"about":[{"href":"https:\/\/ankaspilot.com\/en\/wp-json\/wp\/v2\/types\/page"}],"author":[{"embeddable":true,"href":"https:\/\/ankaspilot.com\/en\/wp-json\/wp\/v2\/users\/1"}],"replies":[{"embeddable":true,"href":"https:\/\/ankaspilot.com\/en\/wp-json\/wp\/v2\/comments?post=8666"}],"version-history":[{"count":2,"href":"https:\/\/ankaspilot.com\/en\/wp-json\/wp\/v2\/pages\/8666\/revisions"}],"predecessor-version":[{"id":8668,"href":"https:\/\/ankaspilot.com\/en\/wp-json\/wp\/v2\/pages\/8666\/revisions\/8668"}],"wp:attachment":[{"href":"https:\/\/ankaspilot.com\/en\/wp-json\/wp\/v2\/media?parent=8666"}],"curies":[{"name":"wp","href":"https:\/\/api.w.org\/{rel}","templated":true}]}}